{"id":1012,"date":"2020-03-09T11:06:29","date_gmt":"2020-03-09T11:06:29","guid":{"rendered":"http:\/\/axilthemes.com\/themes\/keystroke\/?page_id=9"},"modified":"2026-04-10T13:39:34","modified_gmt":"2026-04-10T13:39:34","slug":"about-us","status":"publish","type":"page","link":"https:\/\/devantec.ma\/fr\/about-us\/","title":{"rendered":"\u00c0 propos de nous"},"content":{"rendered":"<div data-elementor-type=\"wp-page\" data-elementor-id=\"1012\" class=\"elementor elementor-1012\">\n\t\t\t\t\t\t\t\t\t<section class=\"elementor-section elementor-top-section elementor-element elementor-element-3d3e249 elementor-section-full_width elementor-section-height-default elementor-section-height-default\" data-id=\"3d3e249\" data-element_type=\"section\">\n\t\t\t\t\t\t<div class=\"elementor-container elementor-column-gap-no\">\n\t\t\t\t\t<div class=\"elementor-column elementor-col-100 elementor-top-column elementor-element elementor-element-681f362\" data-id=\"681f362\" data-element_type=\"column\">\n\t\t\t<div class=\"elementor-widget-wrap\">\n\t\t\t\t\t\t\t\t\t<\/div>\n\t\t<\/div>\n\t\t\t\t\t\t\t<\/div>\n\t\t<\/section>\n\t\t\t\t<section class=\"elementor-section elementor-top-section elementor-element elementor-element-5d16534 elementor-section-boxed elementor-section-height-default elementor-section-height-default\" data-id=\"5d16534\" data-element_type=\"section\">\n\t\t\t\t\t\t<div class=\"elementor-container elementor-column-gap-default\">\n\t\t\t\t\t<div class=\"elementor-column elementor-col-100 elementor-top-column elementor-element elementor-element-9a6eda8\" data-id=\"9a6eda8\" data-element_type=\"column\">\n\t\t\t<div class=\"elementor-widget-wrap elementor-element-populated\">\n\t\t\t\t\t\t\t\t<div class=\"elementor-element elementor-element-4c98e4f elementor-widget elementor-widget-keystroke-about-with-accordion\" data-id=\"4c98e4f\" data-element_type=\"widget\" data-widget_type=\"keystroke-about-with-accordion.default\">\n\t\t\t\t<div class=\"elementor-widget-container\">\n\t\t\t        <!-- Start About Area  -->\r\n        <div class=\"axil-about-area ax-section-gap bg-color-white\">\r\n            <div class=\"container\">\r\n                <div class=\"row\">\r\n                                        <div class=\"col-lg-12 col-xl-12 col-md-12 col-12\">\r\n                        <div class=\"axil-about-inner\">\r\n                            <div class=\"section-title text-left\">\r\n                                                            <span class=\"sub-title extra08-color\" >\u00c0 propos de nous<\/span>\r\n                                        <h2 class=\"title move-up wow title\">PRESENTATION<\/h2>\r\n            \r\n                            <p class=\"subtitle-2\"><b>DEVANTEC Ing\u00e9nierie<\/b> est une soci\u00e9t\u00e9 informatique jeune et innovante bas\u00e9e au Maroc, fond\u00e9e par des experts passionn\u00e9s autour de valeurs communes et d\u2019une vision tourn\u00e9e vers l\u2019excellence. Notre approche est r\u00e9solument orient\u00e9e vers la recherche et la <b>transformation digitale au Maroc<\/b>, un processus irr\u00e9versible qui red\u00e9finit aujourd'hui le fonctionnement des entreprises et les usages quotidiens de chacun.\n\n<br>\n<br>\n\n\nChez <b>DEVANTEC<\/b>, nous sommes des acteurs majeurs de cette r\u00e9volution num\u00e9rique qui transforme nos vies et ouvre des perspectives passionnantes. Une partie strat\u00e9gique de l\u2019activit\u00e9 de <b>DEVANTEC<\/b> est d\u00e9di\u00e9e \u00e0 la <b>R&amp;D (Recherche et D\u00e9veloppement)<\/b> et \u00e0 l\u2019innovation, afin d'accompagner nos clients institutionnels et le grand public avec des solutions IT de pointe. \n\n<br>\n<br>\n\nL\u2019une des forces de cette transformation est son caract\u00e8re global, sans fronti\u00e8res ni barri\u00e8res g\u00e9ographiques ou linguistiques. C\u2019est pourquoi <b>DEVANTEC<\/b> s\u2019inscrit dans une <b>strat\u00e9gie internationale<\/b> ambitieuse, visant \u00e0 exporter l\u2019expertise en ing\u00e9nierie marocaine vers de nouveaux march\u00e9s mondiaux.<\/p>\r\n                                                <\/div>\r\n\r\n                                                            <!-- Start Accordion Area  -->\r\n                                <div id=\"accordion-4c98e4f\" class=\"axil-accordion mt--15 mt_md--15 mt_sm--15\">\r\n                                                                            <!-- Start Single Card  -->\r\n                                        <div class=\"card elementor-repeater-item-dd764ba\">\r\n                                            <div class=\"card-header\" id=\"headingOne-0\">\r\n                                                <h5 class=\"mb-0\">\r\n                                                    <button class=\"btn btn-link\" data-toggle=\"collapse\" data-target=\"#collapse-0\" aria-expanded=\"true\" aria-controls=\"collapse-0\">\r\n                                                                                                                                                                            \r\n                                                        <span><\/span>\r\n                                                    <\/button>\r\n                                                <\/h5>\r\n                                            <\/div>\r\n\r\n                                            <div id=\"collapse-0\" class=\"collapse show\" aria-labelledby=\"headingOne-0\" data-parent=\"#accordion-4c98e4f\">\r\n                                                <div class=\"card-body\"><\/div>\r\n                                            <\/div>\r\n                                        <\/div>\r\n                                        <!-- End Single Card  -->\r\n                                                                    <\/div>\r\n                                                    <\/div>\r\n                    <\/div>\r\n                <\/div>\r\n            <\/div>\r\n        <\/div>\r\n        <!-- End About Area  -->\r\n        \t\t<\/div>\n\t\t\t\t<\/div>\n\t\t\t\t\t<\/div>\n\t\t<\/div>\n\t\t\t\t\t\t\t<\/div>\n\t\t<\/section>\n\t\t\t\t\t\t\t<\/div>","protected":false},"excerpt":{"rendered":"<p>\u00c0 propos de nous PRESENTATION DEVANTEC Ing\u00e9nierie est une soci\u00e9t\u00e9 informatique jeune et innovante bas\u00e9e au Maroc, fond\u00e9e par des experts passionn\u00e9s autour de valeurs communes et d\u2019une vision tourn\u00e9e vers l\u2019excellence. Notre approche est r\u00e9solument orient\u00e9e vers la recherche et la transformation digitale au Maroc, un processus irr\u00e9versible qui red\u00e9finit aujourd&#8217;hui le fonctionnement des [&hellip;]<\/p>","protected":false},"author":1,"featured_media":396,"parent":0,"menu_order":0,"comment_status":"closed","ping_status":"closed","template":"elementor_header_footer","meta":{"footnotes":""},"class_list":["post-1012","page","type-page","status-publish","has-post-thumbnail","hentry"],"acf":[],"yoast_head":"<!-- This site is optimized with the Yoast SEO plugin v20.7 - https:\/\/yoast.com\/wordpress\/plugins\/seo\/ -->\n<title>\u00c0 propos de nous - DEVANTEC Ing\u00e9nierie<\/title>\n<meta name=\"robots\" content=\"index, follow, max-snippet:-1, max-image-preview:large, max-video-preview:-1\" \/>\n<link rel=\"canonical\" href=\"https:\/\/devantec.ma\/fr\/about-us\/\" \/>\n<meta property=\"og:locale\" content=\"fr_FR\" \/>\n<meta property=\"og:type\" content=\"article\" \/>\n<meta property=\"og:title\" content=\"\u00c0 propos de nous - DEVANTEC Ing\u00e9nierie\" \/>\n<meta property=\"og:description\" content=\"\u00c0 propos de nous PRESENTATION DEVANTEC Ing\u00e9nierie est une soci\u00e9t\u00e9 informatique jeune et innovante bas\u00e9e au Maroc, fond\u00e9e par des experts passionn\u00e9s autour de valeurs communes et d\u2019une vision tourn\u00e9e vers l\u2019excellence. Notre approche est r\u00e9solument orient\u00e9e vers la recherche et la transformation digitale au Maroc, un processus irr\u00e9versible qui red\u00e9finit aujourd&#8217;hui le fonctionnement des [&hellip;]\" \/>\n<meta property=\"og:url\" content=\"https:\/\/devantec.ma\/fr\/about-us\/\" \/>\n<meta property=\"og:site_name\" content=\"DEVANTEC Ing\u00e9nierie\" \/>\n<meta property=\"article:publisher\" content=\"https:\/\/www.facebook.com\/devantec.ma\" \/>\n<meta property=\"article:modified_time\" content=\"2026-04-10T13:39:34+00:00\" \/>\n<meta property=\"og:image\" content=\"https:\/\/devantec.ma\/wp-content\/uploads\/2020\/04\/white-shape.png\" \/>\n\t<meta property=\"og:image:width\" content=\"370\" \/>\n\t<meta property=\"og:image:height\" content=\"466\" \/>\n\t<meta property=\"og:image:type\" content=\"image\/png\" \/>\n<meta name=\"twitter:card\" content=\"summary_large_image\" \/>\n<meta name=\"twitter:label1\" content=\"Dur\u00e9e de lecture estim\u00e9e\" \/>\n\t<meta name=\"twitter:data1\" content=\"1 minute\" \/>\n<script type=\"application\/ld+json\" class=\"yoast-schema-graph\">{\"@context\":\"https:\/\/schema.org\",\"@graph\":[{\"@type\":\"WebPage\",\"@id\":\"https:\/\/devantec.ma\/about-us\/\",\"url\":\"https:\/\/devantec.ma\/about-us\/\",\"name\":\"\u00c0 propos de nous - DEVANTEC Ing\u00e9nierie\",\"isPartOf\":{\"@id\":\"https:\/\/www.devantec.ma\/#website\"},\"datePublished\":\"2020-03-09T11:06:29+00:00\",\"dateModified\":\"2026-04-10T13:39:34+00:00\",\"breadcrumb\":{\"@id\":\"https:\/\/devantec.ma\/about-us\/#breadcrumb\"},\"inLanguage\":\"fr-FR\",\"potentialAction\":[{\"@type\":\"ReadAction\",\"target\":[\"https:\/\/devantec.ma\/about-us\/\"]}]},{\"@type\":\"BreadcrumbList\",\"@id\":\"https:\/\/devantec.ma\/about-us\/#breadcrumb\",\"itemListElement\":[{\"@type\":\"ListItem\",\"position\":1,\"name\":\"Home\",\"item\":\"https:\/\/www.devantec.ma\/\"},{\"@type\":\"ListItem\",\"position\":2,\"name\":\"\u00c0 propos de nous\"}]},{\"@type\":\"WebSite\",\"@id\":\"https:\/\/www.devantec.ma\/#website\",\"url\":\"https:\/\/www.devantec.ma\/\",\"name\":\"DEVANTEC Ing\u00e9nierie\",\"description\":\"Conseil Ing\u00e9nierie et Transformation Digitale au Maroc\",\"publisher\":{\"@id\":\"https:\/\/www.devantec.ma\/#organization\"},\"potentialAction\":[{\"@type\":\"SearchAction\",\"target\":{\"@type\":\"EntryPoint\",\"urlTemplate\":\"https:\/\/www.devantec.ma\/?s={search_term_string}\"},\"query-input\":\"required name=search_term_string\"}],\"inLanguage\":\"fr-FR\"},{\"@type\":\"Organization\",\"@id\":\"https:\/\/www.devantec.ma\/#organization\",\"name\":\"DEVANTEC Ing\u00e9nierie\",\"url\":\"https:\/\/www.devantec.ma\/\",\"logo\":{\"@type\":\"ImageObject\",\"inLanguage\":\"fr-FR\",\"@id\":\"https:\/\/www.devantec.ma\/#\/schema\/logo\/image\/\",\"url\":\"https:\/\/devantec.ma\/wp-content\/uploads\/2022\/07\/devantec-1.png\",\"contentUrl\":\"https:\/\/devantec.ma\/wp-content\/uploads\/2022\/07\/devantec-1.png\",\"width\":474,\"height\":120,\"caption\":\"DEVANTEC Ing\u00e9nierie\"},\"image\":{\"@id\":\"https:\/\/www.devantec.ma\/#\/schema\/logo\/image\/\"},\"sameAs\":[\"https:\/\/www.facebook.com\/devantec.ma\",\"https:\/\/www.linkedin.com\/company\/12998155\"]}]}<\/script>\n<!-- \/ Yoast SEO plugin. -->","yoast_head_json":{"title":"\u00c0 propos de nous - DEVANTEC Ing\u00e9nierie","robots":{"index":"index","follow":"follow","max-snippet":"max-snippet:-1","max-image-preview":"max-image-preview:large","max-video-preview":"max-video-preview:-1"},"canonical":"https:\/\/devantec.ma\/fr\/about-us\/","og_locale":"fr_FR","og_type":"article","og_title":"\u00c0 propos de nous - DEVANTEC Ing\u00e9nierie","og_description":"\u00c0 propos de nous PRESENTATION DEVANTEC Ing\u00e9nierie est une soci\u00e9t\u00e9 informatique jeune et innovante bas\u00e9e au Maroc, fond\u00e9e par des experts passionn\u00e9s autour de valeurs communes et d\u2019une vision tourn\u00e9e vers l\u2019excellence. Notre approche est r\u00e9solument orient\u00e9e vers la recherche et la transformation digitale au Maroc, un processus irr\u00e9versible qui red\u00e9finit aujourd&#8217;hui le fonctionnement des [&hellip;]","og_url":"https:\/\/devantec.ma\/fr\/about-us\/","og_site_name":"DEVANTEC Ing\u00e9nierie","article_publisher":"https:\/\/www.facebook.com\/devantec.ma","article_modified_time":"2026-04-10T13:39:34+00:00","og_image":[{"width":370,"height":466,"url":"https:\/\/devantec.ma\/wp-content\/uploads\/2020\/04\/white-shape.png","type":"image\/png"}],"twitter_card":"summary_large_image","twitter_misc":{"Dur\u00e9e de lecture estim\u00e9e":"1 minute"},"schema":{"@context":"https:\/\/schema.org","@graph":[{"@type":"WebPage","@id":"https:\/\/devantec.ma\/about-us\/","url":"https:\/\/devantec.ma\/about-us\/","name":"\u00c0 propos de nous - DEVANTEC Ing\u00e9nierie","isPartOf":{"@id":"https:\/\/www.devantec.ma\/#website"},"datePublished":"2020-03-09T11:06:29+00:00","dateModified":"2026-04-10T13:39:34+00:00","breadcrumb":{"@id":"https:\/\/devantec.ma\/about-us\/#breadcrumb"},"inLanguage":"fr-FR","potentialAction":[{"@type":"ReadAction","target":["https:\/\/devantec.ma\/about-us\/"]}]},{"@type":"BreadcrumbList","@id":"https:\/\/devantec.ma\/about-us\/#breadcrumb","itemListElement":[{"@type":"ListItem","position":1,"name":"Home","item":"https:\/\/www.devantec.ma\/"},{"@type":"ListItem","position":2,"name":"\u00c0 propos de nous"}]},{"@type":"WebSite","@id":"https:\/\/www.devantec.ma\/#website","url":"https:\/\/www.devantec.ma\/","name":"DEVANTEC Ing\u00e9nierie","description":"Conseil Ing\u00e9nierie et Transformation Digitale au Maroc","publisher":{"@id":"https:\/\/www.devantec.ma\/#organization"},"potentialAction":[{"@type":"SearchAction","target":{"@type":"EntryPoint","urlTemplate":"https:\/\/www.devantec.ma\/?s={search_term_string}"},"query-input":"required name=search_term_string"}],"inLanguage":"fr-FR"},{"@type":"Organization","@id":"https:\/\/www.devantec.ma\/#organization","name":"DEVANTEC Ing\u00e9nierie","url":"https:\/\/www.devantec.ma\/","logo":{"@type":"ImageObject","inLanguage":"fr-FR","@id":"https:\/\/www.devantec.ma\/#\/schema\/logo\/image\/","url":"https:\/\/devantec.ma\/wp-content\/uploads\/2022\/07\/devantec-1.png","contentUrl":"https:\/\/devantec.ma\/wp-content\/uploads\/2022\/07\/devantec-1.png","width":474,"height":120,"caption":"DEVANTEC Ing\u00e9nierie"},"image":{"@id":"https:\/\/www.devantec.ma\/#\/schema\/logo\/image\/"},"sameAs":["https:\/\/www.facebook.com\/devantec.ma","https:\/\/www.linkedin.com\/company\/12998155"]}]}},"_links":{"self":[{"href":"https:\/\/devantec.ma\/fr\/wp-json\/wp\/v2\/pages\/1012","targetHints":{"allow":["GET"]}}],"collection":[{"href":"https:\/\/devantec.ma\/fr\/wp-json\/wp\/v2\/pages"}],"about":[{"href":"https:\/\/devantec.ma\/fr\/wp-json\/wp\/v2\/types\/page"}],"author":[{"embeddable":true,"href":"https:\/\/devantec.ma\/fr\/wp-json\/wp\/v2\/users\/1"}],"replies":[{"embeddable":true,"href":"https:\/\/devantec.ma\/fr\/wp-json\/wp\/v2\/comments?post=1012"}],"version-history":[{"count":5,"href":"https:\/\/devantec.ma\/fr\/wp-json\/wp\/v2\/pages\/1012\/revisions"}],"predecessor-version":[{"id":1500,"href":"https:\/\/devantec.ma\/fr\/wp-json\/wp\/v2\/pages\/1012\/revisions\/1500"}],"wp:featuredmedia":[{"embeddable":true,"href":"https:\/\/devantec.ma\/fr\/wp-json\/wp\/v2\/media\/396"}],"wp:attachment":[{"href":"https:\/\/devantec.ma\/fr\/wp-json\/wp\/v2\/media?parent=1012"}],"curies":[{"name":"wp","href":"https:\/\/api.w.org\/{rel}","templated":true}]}}