{"id":1013,"date":"2020-03-09T11:06:41","date_gmt":"2020-03-09T11:06:41","guid":{"rendered":"http:\/\/axilthemes.com\/themes\/keystroke\/?page_id=11"},"modified":"2022-07-28T15:09:07","modified_gmt":"2022-07-28T15:09:07","slug":"contact","status":"publish","type":"page","link":"https:\/\/devantec.ma\/fr\/contact\/","title":{"rendered":"Contact"},"content":{"rendered":"<div data-elementor-type=\"wp-page\" data-elementor-id=\"1013\" class=\"elementor elementor-1013\">\n\t\t\t\t\t\t\t\t\t<section class=\"elementor-section elementor-top-section elementor-element elementor-element-b6810c7 elementor-section-full_width elementor-section-height-default elementor-section-height-default\" data-id=\"b6810c7\" data-element_type=\"section\">\n\t\t\t\t\t\t<div class=\"elementor-container elementor-column-gap-no\">\n\t\t\t\t\t<div class=\"elementor-column elementor-col-100 elementor-top-column elementor-element elementor-element-0efb2df\" data-id=\"0efb2df\" data-element_type=\"column\">\n\t\t\t<div class=\"elementor-widget-wrap elementor-element-populated\">\n\t\t\t\t\t\t\t\t<div class=\"elementor-element elementor-element-0b4bd16 elementor-widget elementor-widget-keystroke-contact-form-with-info-box\" data-id=\"0b4bd16\" data-element_type=\"widget\" data-widget_type=\"keystroke-contact-form-with-info-box.default\">\n\t\t\t\t<div class=\"elementor-widget-container\">\n\t\t\t        <!-- Start Contact Area  -->\r\n        <div class=\"axil-contact-area axil-shape-position ax-section-gap bg-color-white\">\r\n            <div class=\"container\">\r\n                <div class=\"row\">\r\n                    <div class=\"col-lg-6 col-md-12 col-xl-5 col-12\">\r\n                        <div class=\"contact-form-wrapper\">\r\n                            <!-- Start Contact Form -->\r\n                             <div class=\"axil-contact-form contact-form-style-1\"> \n<div class=\"wpcf7 no-js\" id=\"wpcf7-f641-o1\" lang=\"en-US\" dir=\"ltr\">\n<div class=\"screen-reader-response\"><p role=\"status\" aria-live=\"polite\" aria-atomic=\"true\"><\/p> <ul><\/ul><\/div>\n<form action=\"\/fr\/wp-json\/wp\/v2\/pages\/1013#wpcf7-f641-o1\" method=\"post\" class=\"wpcf7-form init\" aria-label=\"Contact form\" novalidate=\"novalidate\" data-status=\"init\" data-trp-original-action=\"\/fr\/wp-json\/wp\/v2\/pages\/1013#wpcf7-f641-o1\">\n<div style=\"display: none;\">\n<input type=\"hidden\" name=\"_wpcf7\" value=\"641\" \/>\n<input type=\"hidden\" name=\"_wpcf7_version\" value=\"5.7.6\" \/>\n<input type=\"hidden\" name=\"_wpcf7_locale\" value=\"en_US\" \/>\n<input type=\"hidden\" name=\"_wpcf7_unit_tag\" value=\"wpcf7-f641-o1\" \/>\n<input type=\"hidden\" name=\"_wpcf7_container_post\" value=\"0\" \/>\n<input type=\"hidden\" name=\"_wpcf7_posted_data_hash\" value=\"\" \/>\n<\/div>\n<h3 class=\"title\">Contactez-nous<\/h3>\n\n<div class=\"form-group\">\n    <span class=\"wpcf7-form-control-wrap\" data-name=\"your-name\"><input size=\"40\" class=\"wpcf7-form-control wpcf7-text wpcf7-validates-as-required\" aria-required=\"true\" aria-invalid=\"false\" value=\"\" type=\"text\" name=\"your-name\" \/><\/span>\n    <label>Nom<\/label>\n    <span class=\"focus-border\"><\/span>\n<\/div>\n<div class=\"form-group\">\n    <span class=\"wpcf7-form-control-wrap\" data-name=\"your-email\"><input size=\"40\" class=\"wpcf7-form-control wpcf7-text wpcf7-email wpcf7-validates-as-required wpcf7-validates-as-email\" aria-required=\"true\" aria-invalid=\"false\" value=\"\" type=\"email\" name=\"your-email\" \/><\/span>\n    <label>Email<\/label>\n    <span class=\"focus-border\"><\/span>\n<\/div>\n<div class=\"form-group\">\n    <span class=\"wpcf7-form-control-wrap\" data-name=\"your-phone-number\"><input size=\"40\" class=\"wpcf7-form-control wpcf7-text\" aria-invalid=\"false\" value=\"\" type=\"text\" name=\"your-phone-number\" \/><\/span>\n    <label>T\u00e9l\u00e9phone<\/label>\n    <span class=\"focus-border\"><\/span>\n<\/div>\n<div class=\"form-group\">\n    <span class=\"wpcf7-form-control-wrap\" data-name=\"your-message\"><textarea cols=\"10\" rows=\"3\" class=\"wpcf7-form-control wpcf7-textarea wpcf7-validates-as-required\" aria-required=\"true\" aria-invalid=\"false\" name=\"your-message\"><\/textarea><\/span>\n    <label>Votre message<\/label>\n    <span class=\"focus-border\"><\/span>\n<\/div>\n\n<div class=\"form-group\">\n    <button id=\"submit\" class=\"wpcf7-submit axil-button btn-large btn-transparent text-right\">\n<span class=\"button-text\">Envoyer le message<\/span><span\n                    class=\"button-icon\"><\/span>\n<\/button>\n<\/div><div class=\"wpcf7-response-output\" aria-hidden=\"true\"><\/div>\n<input type=\"hidden\" name=\"trp-form-language\" value=\"fr\"\/><\/form>\n<\/div>\n <\/div>                         <\/div>\r\n                    <\/div>\r\n\r\n                    <div class=\"col-lg-6 col-md-12 col-xl-6 offset-xl-1 col-12 mt_md--40 mt_sm--40\">\r\n                        <div class=\"axil-address-wrapper\">\r\n\r\n\r\n                            <!-- Start Single Address  -->\r\n                            <div class=\"axil-address wow move-up\">\r\n                                <div class=\"inner\">\r\n                                                                                                                        <div class=\"icon\">\r\n                                                <i aria-hidden=\"true\" class=\"fas fa-phone\"><\/i>                                            <\/div>\r\n                                                                                                                <div class=\"content\">\r\n                                                                                    <h4 class=\"title\">T\u00e9l\u00e9phone<\/h4>\r\n                                                                                                                            <p>Notre service client est ouvert<\/p>\r\n                                                                                                                            <p><a class=\"axil-link\" href=\"tel:06616452720808581119\">0 6 61 64 52 72 \/ 08 08 58 11 19<\/a><\/p>\r\n                                                                            <\/div>\r\n                                <\/div>\r\n                            <\/div>\r\n                            <!-- End Single Address  -->\r\n\r\n                            <!-- Start Single Address  -->\r\n                            <div class=\"axil-address wow move-up mt--60 mt_sm--30 mt_md--30\">\r\n                                <div class=\"inner\">\r\n                                                                                                                        <div class=\"icon\">\r\n                                                <i aria-hidden=\"true\" class=\"fal fa-envelope\"><\/i>                                            <\/div>\r\n                                                                                                                <div class=\"content\">\r\n                                                                                    <h4 class=\"title\">Email<\/h4>\r\n                                                                                                                            <p>Notre \u00e9quipe d&#039;assistance vous r\u00e9pondra d\u00e8s que possible.<\/p>\r\n                                                                                                                            <p><a class=\"axil-link\" href=\"mailto:contact@devantec.ma\">contact@devantec.ma<\/a><\/p>\r\n                                                                            <\/div>\r\n                                <\/div>\r\n                            <\/div>\r\n                            <!-- End Single Address  -->\r\n\r\n                        <\/div>\r\n                    <\/div>\r\n\r\n                <\/div>\r\n            <\/div>\r\n\r\n                            <div class=\"shape-group\">\r\n                    <div class=\"shape shape-01\">\r\n                        <span class=\"icon icon-contact-01\"><\/span>\r\n                    <\/div>\r\n                    <div class=\"shape shape-02\">\r\n                        <span class=\"icon icon-contact-02\"><\/span>\r\n                    <\/div>\r\n                    <div class=\"shape shape-03\">\r\n                        <span class=\"icon icon-contact-03\"><\/span>\r\n                    <\/div>\r\n                <\/div>\r\n            \r\n        <\/div>\r\n        <!-- End Contact Area  -->\r\n        \t\t<\/div>\n\t\t\t\t<\/div>\n\t\t\t\t\t<\/div>\n\t\t<\/div>\n\t\t\t\t\t\t\t<\/div>\n\t\t<\/section>\n\t\t\t\t\t\t\t<\/div>","protected":false},"excerpt":{"rendered":"<p>Contactez-nous Nom Email T\u00e9l\u00e9phone Votre message Envoyer le message T\u00e9l\u00e9phone Notre service client est ouvert 0 6 61 64 52 72 \/ 08 08 58 11 19 Email Notre \u00e9quipe d&#039;assistance vous r\u00e9pondra d\u00e8s que possible. contact@devantec.ma<\/p>","protected":false},"author":1,"featured_media":0,"parent":0,"menu_order":0,"comment_status":"closed","ping_status":"closed","template":"elementor_header_footer","meta":{"footnotes":""},"class_list":["post-1013","page","type-page","status-publish","hentry"],"acf":[],"yoast_head":"<!-- This site is optimized with the Yoast SEO plugin v20.7 - https:\/\/yoast.com\/wordpress\/plugins\/seo\/ -->\n<title>Contact - DEVANTEC Ing\u00e9nierie<\/title>\n<meta name=\"robots\" content=\"index, follow, max-snippet:-1, max-image-preview:large, max-video-preview:-1\" \/>\n<link rel=\"canonical\" href=\"https:\/\/www.devantec.ma\/contact\/\" \/>\n<meta property=\"og:locale\" content=\"fr_FR\" \/>\n<meta property=\"og:type\" content=\"article\" \/>\n<meta property=\"og:title\" content=\"Contact - DEVANTEC Ing\u00e9nierie\" \/>\n<meta property=\"og:description\" content=\"Contactez-nous Nom Email T\u00e9l\u00e9phone Votre message Envoyer le message T\u00e9l\u00e9phone Notre service client est ouvert 0 6 61 64 52 72 \/ 08 08 58 11 19 Email Notre \u00e9quipe d&#039;assistance vous r\u00e9pondra d\u00e8s que possible. contact@devantec.ma\" \/>\n<meta property=\"og:url\" content=\"https:\/\/www.devantec.ma\/contact\/\" \/>\n<meta property=\"og:site_name\" content=\"DEVANTEC Ing\u00e9nierie\" \/>\n<meta property=\"article:publisher\" content=\"https:\/\/www.facebook.com\/devantec.ma\" \/>\n<meta property=\"article:modified_time\" content=\"2022-07-28T15:09:07+00:00\" \/>\n<meta name=\"twitter:card\" content=\"summary_large_image\" \/>\n<script type=\"application\/ld+json\" class=\"yoast-schema-graph\">{\"@context\":\"https:\/\/schema.org\",\"@graph\":[{\"@type\":\"WebPage\",\"@id\":\"https:\/\/www.devantec.ma\/contact\/\",\"url\":\"https:\/\/www.devantec.ma\/contact\/\",\"name\":\"Contact - DEVANTEC Ing\u00e9nierie\",\"isPartOf\":{\"@id\":\"https:\/\/www.devantec.ma\/#website\"},\"datePublished\":\"2020-03-09T11:06:41+00:00\",\"dateModified\":\"2022-07-28T15:09:07+00:00\",\"breadcrumb\":{\"@id\":\"https:\/\/www.devantec.ma\/contact\/#breadcrumb\"},\"inLanguage\":\"fr-FR\",\"potentialAction\":[{\"@type\":\"ReadAction\",\"target\":[\"https:\/\/www.devantec.ma\/contact\/\"]}]},{\"@type\":\"BreadcrumbList\",\"@id\":\"https:\/\/www.devantec.ma\/contact\/#breadcrumb\",\"itemListElement\":[{\"@type\":\"ListItem\",\"position\":1,\"name\":\"Home\",\"item\":\"https:\/\/www.devantec.ma\/\"},{\"@type\":\"ListItem\",\"position\":2,\"name\":\"Contact\"}]},{\"@type\":\"WebSite\",\"@id\":\"https:\/\/www.devantec.ma\/#website\",\"url\":\"https:\/\/www.devantec.ma\/\",\"name\":\"DEVANTEC Ing\u00e9nierie\",\"description\":\"Conseil Ing\u00e9nierie et Transformation Digitale au Maroc\",\"publisher\":{\"@id\":\"https:\/\/www.devantec.ma\/#organization\"},\"potentialAction\":[{\"@type\":\"SearchAction\",\"target\":{\"@type\":\"EntryPoint\",\"urlTemplate\":\"https:\/\/www.devantec.ma\/?s={search_term_string}\"},\"query-input\":\"required name=search_term_string\"}],\"inLanguage\":\"fr-FR\"},{\"@type\":\"Organization\",\"@id\":\"https:\/\/www.devantec.ma\/#organization\",\"name\":\"DEVANTEC Ing\u00e9nierie\",\"url\":\"https:\/\/www.devantec.ma\/\",\"logo\":{\"@type\":\"ImageObject\",\"inLanguage\":\"fr-FR\",\"@id\":\"https:\/\/www.devantec.ma\/#\/schema\/logo\/image\/\",\"url\":\"https:\/\/devantec.ma\/wp-content\/uploads\/2022\/07\/devantec-1.png\",\"contentUrl\":\"https:\/\/devantec.ma\/wp-content\/uploads\/2022\/07\/devantec-1.png\",\"width\":474,\"height\":120,\"caption\":\"DEVANTEC Ing\u00e9nierie\"},\"image\":{\"@id\":\"https:\/\/www.devantec.ma\/#\/schema\/logo\/image\/\"},\"sameAs\":[\"https:\/\/www.facebook.com\/devantec.ma\",\"https:\/\/www.linkedin.com\/company\/12998155\"]}]}<\/script>\n<!-- \/ Yoast SEO plugin. -->","yoast_head_json":{"title":"Contact - DEVANTEC Ing\u00e9nierie","robots":{"index":"index","follow":"follow","max-snippet":"max-snippet:-1","max-image-preview":"max-image-preview:large","max-video-preview":"max-video-preview:-1"},"canonical":"https:\/\/www.devantec.ma\/contact\/","og_locale":"fr_FR","og_type":"article","og_title":"Contact - DEVANTEC Ing\u00e9nierie","og_description":"Contactez-nous Nom Email T\u00e9l\u00e9phone Votre message Envoyer le message T\u00e9l\u00e9phone Notre service client est ouvert 0 6 61 64 52 72 \/ 08 08 58 11 19 Email Notre \u00e9quipe d&#039;assistance vous r\u00e9pondra d\u00e8s que possible. contact@devantec.ma","og_url":"https:\/\/www.devantec.ma\/contact\/","og_site_name":"DEVANTEC Ing\u00e9nierie","article_publisher":"https:\/\/www.facebook.com\/devantec.ma","article_modified_time":"2022-07-28T15:09:07+00:00","twitter_card":"summary_large_image","schema":{"@context":"https:\/\/schema.org","@graph":[{"@type":"WebPage","@id":"https:\/\/www.devantec.ma\/contact\/","url":"https:\/\/www.devantec.ma\/contact\/","name":"Contact - DEVANTEC Ing\u00e9nierie","isPartOf":{"@id":"https:\/\/www.devantec.ma\/#website"},"datePublished":"2020-03-09T11:06:41+00:00","dateModified":"2022-07-28T15:09:07+00:00","breadcrumb":{"@id":"https:\/\/www.devantec.ma\/contact\/#breadcrumb"},"inLanguage":"fr-FR","potentialAction":[{"@type":"ReadAction","target":["https:\/\/www.devantec.ma\/contact\/"]}]},{"@type":"BreadcrumbList","@id":"https:\/\/www.devantec.ma\/contact\/#breadcrumb","itemListElement":[{"@type":"ListItem","position":1,"name":"Home","item":"https:\/\/www.devantec.ma\/"},{"@type":"ListItem","position":2,"name":"Contact"}]},{"@type":"WebSite","@id":"https:\/\/www.devantec.ma\/#website","url":"https:\/\/www.devantec.ma\/","name":"DEVANTEC Ing\u00e9nierie","description":"Conseil Ing\u00e9nierie et Transformation Digitale au Maroc","publisher":{"@id":"https:\/\/www.devantec.ma\/#organization"},"potentialAction":[{"@type":"SearchAction","target":{"@type":"EntryPoint","urlTemplate":"https:\/\/www.devantec.ma\/?s={search_term_string}"},"query-input":"required name=search_term_string"}],"inLanguage":"fr-FR"},{"@type":"Organization","@id":"https:\/\/www.devantec.ma\/#organization","name":"DEVANTEC Ing\u00e9nierie","url":"https:\/\/www.devantec.ma\/","logo":{"@type":"ImageObject","inLanguage":"fr-FR","@id":"https:\/\/www.devantec.ma\/#\/schema\/logo\/image\/","url":"https:\/\/devantec.ma\/wp-content\/uploads\/2022\/07\/devantec-1.png","contentUrl":"https:\/\/devantec.ma\/wp-content\/uploads\/2022\/07\/devantec-1.png","width":474,"height":120,"caption":"DEVANTEC Ing\u00e9nierie"},"image":{"@id":"https:\/\/www.devantec.ma\/#\/schema\/logo\/image\/"},"sameAs":["https:\/\/www.facebook.com\/devantec.ma","https:\/\/www.linkedin.com\/company\/12998155"]}]}},"_links":{"self":[{"href":"https:\/\/devantec.ma\/fr\/wp-json\/wp\/v2\/pages\/1013","targetHints":{"allow":["GET"]}}],"collection":[{"href":"https:\/\/devantec.ma\/fr\/wp-json\/wp\/v2\/pages"}],"about":[{"href":"https:\/\/devantec.ma\/fr\/wp-json\/wp\/v2\/types\/page"}],"author":[{"embeddable":true,"href":"https:\/\/devantec.ma\/fr\/wp-json\/wp\/v2\/users\/1"}],"replies":[{"embeddable":true,"href":"https:\/\/devantec.ma\/fr\/wp-json\/wp\/v2\/comments?post=1013"}],"version-history":[{"count":5,"href":"https:\/\/devantec.ma\/fr\/wp-json\/wp\/v2\/pages\/1013\/revisions"}],"predecessor-version":[{"id":1235,"href":"https:\/\/devantec.ma\/fr\/wp-json\/wp\/v2\/pages\/1013\/revisions\/1235"}],"wp:attachment":[{"href":"https:\/\/devantec.ma\/fr\/wp-json\/wp\/v2\/media?parent=1013"}],"curies":[{"name":"wp","href":"https:\/\/api.w.org\/{rel}","templated":true}]}}