{"id":1226,"date":"2022-07-28T14:00:25","date_gmt":"2022-07-28T14:00:25","guid":{"rendered":"https:\/\/devantec.ma\/?page_id=1226"},"modified":"2022-07-29T14:10:54","modified_gmt":"2022-07-29T14:10:54","slug":"nos-clients","status":"publish","type":"page","link":"https:\/\/devantec.ma\/fr\/nos-clients\/","title":{"rendered":"Nos clients"},"content":{"rendered":"<div data-elementor-type=\"wp-page\" data-elementor-id=\"1226\" class=\"elementor elementor-1226\">\n\t\t\t\t\t\t\t\t\t<section class=\"elementor-section elementor-top-section elementor-element elementor-element-a3d43d6 elementor-section-boxed elementor-section-height-default elementor-section-height-default\" data-id=\"a3d43d6\" data-element_type=\"section\">\n\t\t\t\t\t\t<div class=\"elementor-container elementor-column-gap-default\">\n\t\t\t\t\t<div class=\"elementor-column elementor-col-100 elementor-top-column elementor-element elementor-element-bf1ff56\" data-id=\"bf1ff56\" data-element_type=\"column\">\n\t\t\t<div class=\"elementor-widget-wrap elementor-element-populated\">\n\t\t\t\t\t\t\t\t<div class=\"elementor-element elementor-element-a6ad3e6 elementor-widget elementor-widget-keystroke_section_title\" data-id=\"a6ad3e6\" data-element_type=\"widget\" data-widget_type=\"keystroke_section_title.default\">\n\t\t\t\t<div class=\"elementor-widget-container\">\n\t\t\t        <div class=\"axil-section-title-area section-title text-left\">\r\n                                        <span class=\"sub-title extra04-color\" >Nos client<\/span>\r\n                                        <h4 class=\"title wow title\" data-wow-duration=\"1s\" data-wow-delay=\"500ms\">Nous avons d\u00e9velopp\u00e9 des solutions pour...<\/h4>\r\n            \r\n                            <\/div>\r\n        \t\t<\/div>\n\t\t\t\t<\/div>\n\t\t\t\t\t<\/div>\n\t\t<\/div>\n\t\t\t\t\t\t\t<\/div>\n\t\t<\/section>\n\t\t\t\t<section class=\"elementor-section elementor-top-section elementor-element elementor-element-25fa95b elementor-section-full_width elementor-section-height-default elementor-section-height-default\" data-id=\"25fa95b\" data-element_type=\"section\">\n\t\t\t\t\t\t<div class=\"elementor-container elementor-column-gap-no\">\n\t\t\t\t\t<div class=\"elementor-column elementor-col-100 elementor-top-column elementor-element elementor-element-742e293\" data-id=\"742e293\" data-element_type=\"column\">\n\t\t\t<div class=\"elementor-widget-wrap elementor-element-populated\">\n\t\t\t\t\t\t\t\t<div class=\"elementor-element elementor-element-3d979a6 elementor-widget elementor-widget-shortcode\" data-id=\"3d979a6\" data-element_type=\"widget\" data-widget_type=\"shortcode.default\">\n\t\t\t\t<div class=\"elementor-widget-container\">\n\t\t\t\t\t<div class=\"elementor-shortcode\">\n\t<div class=\"gs_logo_area gs_logo_area_45 grid1\" style=\"opacity: 0; visibility: hidden;\">\n\t\t<div class=\"gs_logo_area--inner\">\n\n\t\t\t\n<div class=\"gs_logo_container gs_logo_container_grid gs_logo_fix_height_and_center\">\n\n\t\n\t\t\n\t\t\t<div class=\"gs_logo_single--wrapper\">\n\t\t\t\t<div class=\"gs_logo_single\">\n\t\t\t\t\t\n\t\t\t\t\t<!-- Logo Image -->\n\t\t\t\t\t<img loading=\"lazy\" decoding=\"async\" width=\"300\" height=\"188\" src=\"https:\/\/devantec.ma\/wp-content\/uploads\/2026\/04\/logo-300x188.png\" class=\"gs_logo--tooltip gs-logo--img wp-post-image\" alt=\"\" title=\"Agence de D\u00e9veloppement du Digital\" srcset=\"https:\/\/devantec.ma\/wp-content\/uploads\/2026\/04\/logo-300x188.png 300w, https:\/\/devantec.ma\/wp-content\/uploads\/2026\/04\/logo-1024x643.png 1024w, https:\/\/devantec.ma\/wp-content\/uploads\/2026\/04\/logo-768x482.png 768w, https:\/\/devantec.ma\/wp-content\/uploads\/2026\/04\/logo-18x12.png 18w, https:\/\/devantec.ma\/wp-content\/uploads\/2026\/04\/logo.png 1058w\" sizes=\"auto, (max-width: 300px) 100vw, 300px\" \/>\n\t\t\t\t\t<!-- Logo Title -->\n\t\t\t\t\t\n\t\t\t\t\t<!-- Logo Category -->\n\t\t\t\t\t\n\t\t\t\t<\/div>\n\t\t\t<\/div>\n\n\t\t\n\t\t\t<div class=\"gs_logo_single--wrapper\">\n\t\t\t\t<div class=\"gs_logo_single\">\n\t\t\t\t\t\n\t\t\t\t\t<!-- Logo Image -->\n\t\t\t\t\t<img loading=\"lazy\" decoding=\"async\" width=\"219\" height=\"177\" src=\"https:\/\/devantec.ma\/wp-content\/uploads\/2022\/07\/aa.png\" class=\"gs_logo--tooltip gs-logo--img wp-post-image\" alt=\"\" title=\"Conseil R\u00e9gional R\u00e9gion Souss Massa\" \/>\n\t\t\t\t\t<!-- Logo Title -->\n\t\t\t\t\t\n\t\t\t\t\t<!-- Logo Category -->\n\t\t\t\t\t\n\t\t\t\t<\/div>\n\t\t\t<\/div>\n\n\t\t\n\t\t\t<div class=\"gs_logo_single--wrapper\">\n\t\t\t\t<div class=\"gs_logo_single\">\n\t\t\t\t\t\n\t\t\t\t\t<!-- Logo Image -->\n\t\t\t\t\t<img loading=\"lazy\" decoding=\"async\" width=\"219\" height=\"177\" src=\"https:\/\/devantec.ma\/wp-content\/uploads\/2024\/07\/Region-de-lOriental.png\" class=\"gs_logo--tooltip gs-logo--img wp-post-image\" alt=\"\" title=\"R\u00e9gion de l&#8217;Oriental\" srcset=\"https:\/\/devantec.ma\/wp-content\/uploads\/2024\/07\/Region-de-lOriental.png 219w, https:\/\/devantec.ma\/wp-content\/uploads\/2024\/07\/Region-de-lOriental-15x12.png 15w\" sizes=\"auto, (max-width: 219px) 100vw, 219px\" \/>\n\t\t\t\t\t<!-- Logo Title -->\n\t\t\t\t\t\n\t\t\t\t\t<!-- Logo Category -->\n\t\t\t\t\t\n\t\t\t\t<\/div>\n\t\t\t<\/div>\n\n\t\t\n\t\t\t<div class=\"gs_logo_single--wrapper\">\n\t\t\t\t<div class=\"gs_logo_single\">\n\t\t\t\t\t\n\t\t\t\t\t<!-- Logo Image -->\n\t\t\t\t\t<img loading=\"lazy\" decoding=\"async\" width=\"219\" height=\"177\" src=\"https:\/\/devantec.ma\/wp-content\/uploads\/2022\/07\/inzegane-logo.png\" class=\"gs_logo--tooltip gs-logo--img wp-post-image\" alt=\"\" title=\"Conseil de la pr\u00e9fecture d&#8217;Inezgane-A\u00eft Melloul\" \/>\n\t\t\t\t\t<!-- Logo Title -->\n\t\t\t\t\t\n\t\t\t\t\t<!-- Logo Category -->\n\t\t\t\t\t\n\t\t\t\t<\/div>\n\t\t\t<\/div>\n\n\t\t\n\t\t\t<div class=\"gs_logo_single--wrapper\">\n\t\t\t\t<div class=\"gs_logo_single\">\n\t\t\t\t\t\n\t\t\t\t\t<!-- Logo Image -->\n\t\t\t\t\t<img loading=\"lazy\" decoding=\"async\" width=\"219\" height=\"177\" src=\"https:\/\/devantec.ma\/wp-content\/uploads\/2022\/07\/agadiir.png\" class=\"gs_logo--tooltip gs-logo--img wp-post-image\" alt=\"\" title=\"Pr\u00e9fecture d&#8217;Agadir Ida-Outanane\" \/>\n\t\t\t\t\t<!-- Logo Title -->\n\t\t\t\t\t\n\t\t\t\t\t<!-- Logo Category -->\n\t\t\t\t\t\n\t\t\t\t<\/div>\n\t\t\t<\/div>\n\n\t\t\n\t\t\t<div class=\"gs_logo_single--wrapper\">\n\t\t\t\t<div class=\"gs_logo_single\">\n\t\t\t\t\t\n\t\t\t\t\t<!-- Logo Image -->\n\t\t\t\t\t<img loading=\"lazy\" decoding=\"async\" width=\"219\" height=\"177\" src=\"https:\/\/devantec.ma\/wp-content\/uploads\/2023\/05\/Commune-Fquih-Ben-Salah.png\" class=\"gs_logo--tooltip gs-logo--img wp-post-image\" alt=\"\" title=\"Commune de Fquih Ben Salah\" srcset=\"https:\/\/devantec.ma\/wp-content\/uploads\/2023\/05\/Commune-Fquih-Ben-Salah.png 219w, https:\/\/devantec.ma\/wp-content\/uploads\/2023\/05\/Commune-Fquih-Ben-Salah-15x12.png 15w\" sizes=\"auto, (max-width: 219px) 100vw, 219px\" \/>\n\t\t\t\t\t<!-- Logo Title -->\n\t\t\t\t\t\n\t\t\t\t\t<!-- Logo Category -->\n\t\t\t\t\t\n\t\t\t\t<\/div>\n\t\t\t<\/div>\n\n\t\t\n\t\t\t<div class=\"gs_logo_single--wrapper\">\n\t\t\t\t<div class=\"gs_logo_single\">\n\t\t\t\t\t\n\t\t\t\t\t<!-- Logo Image -->\n\t\t\t\t\t<img loading=\"lazy\" decoding=\"async\" width=\"219\" height=\"177\" src=\"https:\/\/devantec.ma\/wp-content\/uploads\/2023\/05\/commune_khenifra.png\" class=\"gs_logo--tooltip gs-logo--img wp-post-image\" alt=\"\" title=\"Commune de khenifra\" srcset=\"https:\/\/devantec.ma\/wp-content\/uploads\/2023\/05\/commune_khenifra.png 219w, https:\/\/devantec.ma\/wp-content\/uploads\/2023\/05\/commune_khenifra-15x12.png 15w\" sizes=\"auto, (max-width: 219px) 100vw, 219px\" \/>\n\t\t\t\t\t<!-- Logo Title -->\n\t\t\t\t\t\n\t\t\t\t\t<!-- Logo Category -->\n\t\t\t\t\t\n\t\t\t\t<\/div>\n\t\t\t<\/div>\n\n\t\t\n\t\t\t<div class=\"gs_logo_single--wrapper\">\n\t\t\t\t<div class=\"gs_logo_single\">\n\t\t\t\t\t\n\t\t\t\t\t<!-- Logo Image -->\n\t\t\t\t\t<img loading=\"lazy\" decoding=\"async\" width=\"219\" height=\"177\" src=\"https:\/\/devantec.ma\/wp-content\/uploads\/2023\/05\/guelmim.png\" class=\"gs_logo--tooltip gs-logo--img wp-post-image\" alt=\"\" title=\"Commune de guelmim\" srcset=\"https:\/\/devantec.ma\/wp-content\/uploads\/2023\/05\/guelmim.png 219w, https:\/\/devantec.ma\/wp-content\/uploads\/2023\/05\/guelmim-15x12.png 15w\" sizes=\"auto, (max-width: 219px) 100vw, 219px\" \/>\n\t\t\t\t\t<!-- Logo Title -->\n\t\t\t\t\t\n\t\t\t\t\t<!-- Logo Category -->\n\t\t\t\t\t\n\t\t\t\t<\/div>\n\t\t\t<\/div>\n\n\t\t\n\t\t\t<div class=\"gs_logo_single--wrapper\">\n\t\t\t\t<div class=\"gs_logo_single\">\n\t\t\t\t\t\n\t\t\t\t\t<!-- Logo Image -->\n\t\t\t\t\t<img loading=\"lazy\" decoding=\"async\" width=\"219\" height=\"177\" src=\"https:\/\/devantec.ma\/wp-content\/uploads\/2022\/07\/bentayeb.png\" class=\"gs_logo--tooltip gs-logo--img wp-post-image\" alt=\"\" title=\"Commune de Ben Taieb\" srcset=\"https:\/\/devantec.ma\/wp-content\/uploads\/2022\/07\/bentayeb.png 219w, https:\/\/devantec.ma\/wp-content\/uploads\/2022\/07\/bentayeb-15x12.png 15w\" sizes=\"auto, (max-width: 219px) 100vw, 219px\" \/>\n\t\t\t\t\t<!-- Logo Title -->\n\t\t\t\t\t\n\t\t\t\t\t<!-- Logo Category -->\n\t\t\t\t\t\n\t\t\t\t<\/div>\n\t\t\t<\/div>\n\n\t\t\n\t\t\t<div class=\"gs_logo_single--wrapper\">\n\t\t\t\t<div class=\"gs_logo_single\">\n\t\t\t\t\t\n\t\t\t\t\t<!-- Logo Image -->\n\t\t\t\t\t<img loading=\"lazy\" decoding=\"async\" width=\"219\" height=\"177\" src=\"https:\/\/devantec.ma\/wp-content\/uploads\/2022\/07\/ouislane.png\" class=\"gs_logo--tooltip gs-logo--img wp-post-image\" alt=\"\" title=\"Commune de Ouislane\" \/>\n\t\t\t\t\t<!-- Logo Title -->\n\t\t\t\t\t\n\t\t\t\t\t<!-- Logo Category -->\n\t\t\t\t\t\n\t\t\t\t<\/div>\n\t\t\t<\/div>\n\n\t\t\n\t\t\t<div class=\"gs_logo_single--wrapper\">\n\t\t\t\t<div class=\"gs_logo_single\">\n\t\t\t\t\t\n\t\t\t\t\t<!-- Logo Image -->\n\t\t\t\t\t<img loading=\"lazy\" decoding=\"async\" width=\"219\" height=\"177\" src=\"https:\/\/devantec.ma\/wp-content\/uploads\/2022\/07\/midar.png\" class=\"gs_logo--tooltip gs-logo--img wp-post-image\" alt=\"\" title=\"Commune de Midar\" srcset=\"https:\/\/devantec.ma\/wp-content\/uploads\/2022\/07\/midar.png 219w, https:\/\/devantec.ma\/wp-content\/uploads\/2022\/07\/midar-15x12.png 15w\" sizes=\"auto, (max-width: 219px) 100vw, 219px\" \/>\n\t\t\t\t\t<!-- Logo Title -->\n\t\t\t\t\t\n\t\t\t\t\t<!-- Logo Category -->\n\t\t\t\t\t\n\t\t\t\t<\/div>\n\t\t\t<\/div>\n\n\t\t\n\t\t\t<div class=\"gs_logo_single--wrapper\">\n\t\t\t\t<div class=\"gs_logo_single\">\n\t\t\t\t\t\n\t\t\t\t\t<!-- Logo Image -->\n\t\t\t\t\t<img loading=\"lazy\" decoding=\"async\" width=\"219\" height=\"177\" src=\"https:\/\/devantec.ma\/wp-content\/uploads\/2022\/07\/Saidia.png\" class=\"gs_logo--tooltip gs-logo--img wp-post-image\" alt=\"\" title=\"Commune de Saidia\" \/>\n\t\t\t\t\t<!-- Logo Title -->\n\t\t\t\t\t\n\t\t\t\t\t<!-- Logo Category -->\n\t\t\t\t\t\n\t\t\t\t<\/div>\n\t\t\t<\/div>\n\n\t\t\n\t\t\t<div class=\"gs_logo_single--wrapper\">\n\t\t\t\t<div class=\"gs_logo_single\">\n\t\t\t\t\t\n\t\t\t\t\t<!-- Logo Image -->\n\t\t\t\t\t<img loading=\"lazy\" decoding=\"async\" width=\"219\" height=\"177\" src=\"https:\/\/devantec.ma\/wp-content\/uploads\/2022\/07\/eurro.png\" class=\"gs_logo--tooltip gs-logo--img wp-post-image\" alt=\"\" title=\"Euro Carrelages 95\" \/>\n\t\t\t\t\t<!-- Logo Title -->\n\t\t\t\t\t\n\t\t\t\t\t<!-- Logo Category -->\n\t\t\t\t\t\n\t\t\t\t<\/div>\n\t\t\t<\/div>\n\n\t\t\n\t\t\t<div class=\"gs_logo_single--wrapper\">\n\t\t\t\t<div class=\"gs_logo_single\">\n\t\t\t\t\t\n\t\t\t\t\t<!-- Logo Image -->\n\t\t\t\t\t<img loading=\"lazy\" decoding=\"async\" width=\"219\" height=\"177\" src=\"https:\/\/devantec.ma\/wp-content\/uploads\/2022\/07\/mobadara.png\" class=\"gs_logo--tooltip gs-logo--img wp-post-image\" alt=\"\" title=\"INDH\" \/>\n\t\t\t\t\t<!-- Logo Title -->\n\t\t\t\t\t\n\t\t\t\t\t<!-- Logo Category -->\n\t\t\t\t\t\n\t\t\t\t<\/div>\n\t\t\t<\/div>\n\n\t\t\n\t\t\t<div class=\"gs_logo_single--wrapper\">\n\t\t\t\t<div class=\"gs_logo_single\">\n\t\t\t\t\t\n\t\t\t\t\t<!-- Logo Image -->\n\t\t\t\t\t<img loading=\"lazy\" decoding=\"async\" width=\"219\" height=\"177\" src=\"https:\/\/devantec.ma\/wp-content\/uploads\/2022\/07\/berkane-logo.png\" class=\"gs_logo--tooltip gs-logo--img wp-post-image\" alt=\"\" title=\"Conseil Provincial de Berkane\" \/>\n\t\t\t\t\t<!-- Logo Title -->\n\t\t\t\t\t\n\t\t\t\t\t<!-- Logo Category -->\n\t\t\t\t\t\n\t\t\t\t<\/div>\n\t\t\t<\/div>\n\n\t\t\n\t\t\t<div class=\"gs_logo_single--wrapper\">\n\t\t\t\t<div class=\"gs_logo_single\">\n\t\t\t\t\t\n\t\t\t\t\t<!-- Logo Image -->\n\t\t\t\t\t<img loading=\"lazy\" decoding=\"async\" width=\"219\" height=\"177\" src=\"https:\/\/devantec.ma\/wp-content\/uploads\/2022\/07\/khnifra.png\" class=\"gs_logo--tooltip gs-logo--img wp-post-image\" alt=\"\" title=\"Conseil provincial de Kh\u00e9nifra\" \/>\n\t\t\t\t\t<!-- Logo Title -->\n\t\t\t\t\t\n\t\t\t\t\t<!-- Logo Category -->\n\t\t\t\t\t\n\t\t\t\t<\/div>\n\t\t\t<\/div>\n\n\t\t\n\t\t\t<div class=\"gs_logo_single--wrapper\">\n\t\t\t\t<div class=\"gs_logo_single\">\n\t\t\t\t\t\n\t\t\t\t\t<!-- Logo Image -->\n\t\t\t\t\t<img loading=\"lazy\" decoding=\"async\" width=\"219\" height=\"177\" src=\"https:\/\/devantec.ma\/wp-content\/uploads\/2022\/04\/Issaguen-1.png\" class=\"gs_logo--tooltip gs-logo--img wp-post-image\" alt=\"\" title=\"Commune Issaguen\" srcset=\"https:\/\/devantec.ma\/wp-content\/uploads\/2022\/04\/Issaguen-1.png 219w, https:\/\/devantec.ma\/wp-content\/uploads\/2022\/04\/Issaguen-1-15x12.png 15w\" sizes=\"auto, (max-width: 219px) 100vw, 219px\" \/>\n\t\t\t\t\t<!-- Logo Title -->\n\t\t\t\t\t\n\t\t\t\t\t<!-- Logo Category -->\n\t\t\t\t\t\n\t\t\t\t<\/div>\n\t\t\t<\/div>\n\n\t\t\t\t\n\t\n<\/div>\t\t<\/div>\n\t<\/div>\n\n\t<\/div>\n\t\t\t\t<\/div>\n\t\t\t\t<\/div>\n\t\t\t\t\t<\/div>\n\t\t<\/div>\n\t\t\t\t\t\t\t<\/div>\n\t\t<\/section>\n\t\t\t\t\t\t\t<\/div>","protected":false},"excerpt":{"rendered":"<p>Nos client Nous avons d\u00e9velopp\u00e9 des solutions pour&#8230;<\/p>","protected":false},"author":1,"featured_media":0,"parent":0,"menu_order":0,"comment_status":"closed","ping_status":"closed","template":"","meta":{"footnotes":""},"class_list":["post-1226","page","type-page","status-publish","hentry"],"acf":[],"yoast_head":"<!-- This site is optimized with the Yoast SEO plugin v20.7 - https:\/\/yoast.com\/wordpress\/plugins\/seo\/ -->\n<title>Nos clients - DEVANTEC Ing\u00e9nierie<\/title>\n<meta name=\"robots\" content=\"index, follow, max-snippet:-1, max-image-preview:large, max-video-preview:-1\" \/>\n<link rel=\"canonical\" href=\"https:\/\/www.devantec.ma\/nos-clients\/\" \/>\n<meta property=\"og:locale\" content=\"fr_FR\" \/>\n<meta property=\"og:type\" content=\"article\" \/>\n<meta property=\"og:title\" content=\"Nos clients - DEVANTEC Ing\u00e9nierie\" \/>\n<meta property=\"og:description\" content=\"Nos client Nous avons d\u00e9velopp\u00e9 des solutions pour&#8230;\" \/>\n<meta property=\"og:url\" content=\"https:\/\/www.devantec.ma\/nos-clients\/\" \/>\n<meta property=\"og:site_name\" content=\"DEVANTEC Ing\u00e9nierie\" \/>\n<meta property=\"article:publisher\" content=\"https:\/\/www.facebook.com\/devantec.ma\" \/>\n<meta property=\"article:modified_time\" content=\"2022-07-29T14:10:54+00:00\" \/>\n<meta name=\"twitter:card\" content=\"summary_large_image\" \/>\n<meta name=\"twitter:label1\" content=\"Dur\u00e9e de lecture estim\u00e9e\" \/>\n\t<meta name=\"twitter:data1\" content=\"3 minutes\" \/>\n<script type=\"application\/ld+json\" class=\"yoast-schema-graph\">{\"@context\":\"https:\/\/schema.org\",\"@graph\":[{\"@type\":\"WebPage\",\"@id\":\"https:\/\/www.devantec.ma\/nos-clients\/\",\"url\":\"https:\/\/www.devantec.ma\/nos-clients\/\",\"name\":\"Nos clients - DEVANTEC Ing\u00e9nierie\",\"isPartOf\":{\"@id\":\"https:\/\/www.devantec.ma\/#website\"},\"datePublished\":\"2022-07-28T14:00:25+00:00\",\"dateModified\":\"2022-07-29T14:10:54+00:00\",\"breadcrumb\":{\"@id\":\"https:\/\/www.devantec.ma\/nos-clients\/#breadcrumb\"},\"inLanguage\":\"fr-FR\",\"potentialAction\":[{\"@type\":\"ReadAction\",\"target\":[\"https:\/\/www.devantec.ma\/nos-clients\/\"]}]},{\"@type\":\"BreadcrumbList\",\"@id\":\"https:\/\/www.devantec.ma\/nos-clients\/#breadcrumb\",\"itemListElement\":[{\"@type\":\"ListItem\",\"position\":1,\"name\":\"Home\",\"item\":\"https:\/\/www.devantec.ma\/\"},{\"@type\":\"ListItem\",\"position\":2,\"name\":\"Nos clients\"}]},{\"@type\":\"WebSite\",\"@id\":\"https:\/\/www.devantec.ma\/#website\",\"url\":\"https:\/\/www.devantec.ma\/\",\"name\":\"DEVANTEC Ing\u00e9nierie\",\"description\":\"Conseil Ing\u00e9nierie et Transformation Digitale au Maroc\",\"publisher\":{\"@id\":\"https:\/\/www.devantec.ma\/#organization\"},\"potentialAction\":[{\"@type\":\"SearchAction\",\"target\":{\"@type\":\"EntryPoint\",\"urlTemplate\":\"https:\/\/www.devantec.ma\/?s={search_term_string}\"},\"query-input\":\"required name=search_term_string\"}],\"inLanguage\":\"fr-FR\"},{\"@type\":\"Organization\",\"@id\":\"https:\/\/www.devantec.ma\/#organization\",\"name\":\"DEVANTEC Ing\u00e9nierie\",\"url\":\"https:\/\/www.devantec.ma\/\",\"logo\":{\"@type\":\"ImageObject\",\"inLanguage\":\"fr-FR\",\"@id\":\"https:\/\/www.devantec.ma\/#\/schema\/logo\/image\/\",\"url\":\"https:\/\/devantec.ma\/wp-content\/uploads\/2022\/07\/devantec-1.png\",\"contentUrl\":\"https:\/\/devantec.ma\/wp-content\/uploads\/2022\/07\/devantec-1.png\",\"width\":474,\"height\":120,\"caption\":\"DEVANTEC Ing\u00e9nierie\"},\"image\":{\"@id\":\"https:\/\/www.devantec.ma\/#\/schema\/logo\/image\/\"},\"sameAs\":[\"https:\/\/www.facebook.com\/devantec.ma\",\"https:\/\/www.linkedin.com\/company\/12998155\"]}]}<\/script>\n<!-- \/ Yoast SEO plugin. -->","yoast_head_json":{"title":"Nos clients - DEVANTEC Ing\u00e9nierie","robots":{"index":"index","follow":"follow","max-snippet":"max-snippet:-1","max-image-preview":"max-image-preview:large","max-video-preview":"max-video-preview:-1"},"canonical":"https:\/\/www.devantec.ma\/nos-clients\/","og_locale":"fr_FR","og_type":"article","og_title":"Nos clients - DEVANTEC Ing\u00e9nierie","og_description":"Nos client Nous avons d\u00e9velopp\u00e9 des solutions pour&#8230;","og_url":"https:\/\/www.devantec.ma\/nos-clients\/","og_site_name":"DEVANTEC Ing\u00e9nierie","article_publisher":"https:\/\/www.facebook.com\/devantec.ma","article_modified_time":"2022-07-29T14:10:54+00:00","twitter_card":"summary_large_image","twitter_misc":{"Dur\u00e9e de lecture estim\u00e9e":"3 minutes"},"schema":{"@context":"https:\/\/schema.org","@graph":[{"@type":"WebPage","@id":"https:\/\/www.devantec.ma\/nos-clients\/","url":"https:\/\/www.devantec.ma\/nos-clients\/","name":"Nos clients - DEVANTEC Ing\u00e9nierie","isPartOf":{"@id":"https:\/\/www.devantec.ma\/#website"},"datePublished":"2022-07-28T14:00:25+00:00","dateModified":"2022-07-29T14:10:54+00:00","breadcrumb":{"@id":"https:\/\/www.devantec.ma\/nos-clients\/#breadcrumb"},"inLanguage":"fr-FR","potentialAction":[{"@type":"ReadAction","target":["https:\/\/www.devantec.ma\/nos-clients\/"]}]},{"@type":"BreadcrumbList","@id":"https:\/\/www.devantec.ma\/nos-clients\/#breadcrumb","itemListElement":[{"@type":"ListItem","position":1,"name":"Home","item":"https:\/\/www.devantec.ma\/"},{"@type":"ListItem","position":2,"name":"Nos clients"}]},{"@type":"WebSite","@id":"https:\/\/www.devantec.ma\/#website","url":"https:\/\/www.devantec.ma\/","name":"DEVANTEC Ing\u00e9nierie","description":"Conseil Ing\u00e9nierie et Transformation Digitale au Maroc","publisher":{"@id":"https:\/\/www.devantec.ma\/#organization"},"potentialAction":[{"@type":"SearchAction","target":{"@type":"EntryPoint","urlTemplate":"https:\/\/www.devantec.ma\/?s={search_term_string}"},"query-input":"required name=search_term_string"}],"inLanguage":"fr-FR"},{"@type":"Organization","@id":"https:\/\/www.devantec.ma\/#organization","name":"DEVANTEC Ing\u00e9nierie","url":"https:\/\/www.devantec.ma\/","logo":{"@type":"ImageObject","inLanguage":"fr-FR","@id":"https:\/\/www.devantec.ma\/#\/schema\/logo\/image\/","url":"https:\/\/devantec.ma\/wp-content\/uploads\/2022\/07\/devantec-1.png","contentUrl":"https:\/\/devantec.ma\/wp-content\/uploads\/2022\/07\/devantec-1.png","width":474,"height":120,"caption":"DEVANTEC Ing\u00e9nierie"},"image":{"@id":"https:\/\/www.devantec.ma\/#\/schema\/logo\/image\/"},"sameAs":["https:\/\/www.facebook.com\/devantec.ma","https:\/\/www.linkedin.com\/company\/12998155"]}]}},"_links":{"self":[{"href":"https:\/\/devantec.ma\/fr\/wp-json\/wp\/v2\/pages\/1226","targetHints":{"allow":["GET"]}}],"collection":[{"href":"https:\/\/devantec.ma\/fr\/wp-json\/wp\/v2\/pages"}],"about":[{"href":"https:\/\/devantec.ma\/fr\/wp-json\/wp\/v2\/types\/page"}],"author":[{"embeddable":true,"href":"https:\/\/devantec.ma\/fr\/wp-json\/wp\/v2\/users\/1"}],"replies":[{"embeddable":true,"href":"https:\/\/devantec.ma\/fr\/wp-json\/wp\/v2\/comments?post=1226"}],"version-history":[{"count":5,"href":"https:\/\/devantec.ma\/fr\/wp-json\/wp\/v2\/pages\/1226\/revisions"}],"predecessor-version":[{"id":1295,"href":"https:\/\/devantec.ma\/fr\/wp-json\/wp\/v2\/pages\/1226\/revisions\/1295"}],"wp:attachment":[{"href":"https:\/\/devantec.ma\/fr\/wp-json\/wp\/v2\/media?parent=1226"}],"curies":[{"name":"wp","href":"https:\/\/api.w.org\/{rel}","templated":true}]}}